{"id":921,"date":"2024-07-08T21:34:58","date_gmt":"2024-07-08T19:34:58","guid":{"rendered":"https:\/\/acedasesores.com\/nosaltres\/"},"modified":"2024-10-11T19:27:22","modified_gmt":"2024-10-11T17:27:22","slug":"nosaltres","status":"publish","type":"page","link":"https:\/\/acedasesores.com\/ca\/nosaltres\/","title":{"rendered":"Nosaltres"},"content":{"rendered":"\t\t<div data-elementor-type=\"wp-page\" data-elementor-id=\"921\" class=\"elementor elementor-921 elementor-299\" data-elementor-post-type=\"page\">\n\t\t\t\t<div class=\"elementor-element elementor-element-20fd0e5 e-con-full e-flex e-con e-parent\" data-id=\"20fd0e5\" data-element_type=\"container\" data-e-type=\"container\" data-settings=\"{&quot;jet_parallax_layout_list&quot;:[]}\">\n\t\t\t\t<div class=\"elementor-element elementor-element-9a60659 elementor-align-left elementor-hidden-mobile elementor-widget elementor-widget-breadcrumbs\" data-id=\"9a60659\" data-element_type=\"widget\" data-e-type=\"widget\" data-widget_type=\"breadcrumbs.default\">\n\t\t\t\t<div class=\"elementor-widget-container\">\n\t\t\t\t\t<p id=\"breadcrumbs\">\tEst\u00e1s aqu\u00ed:\n<span><span><a href=\"https:\/\/acedasesores.com\/ca\/inici\/\">Inicio<\/a><\/span><\/span><\/p>\t\t\t\t<\/div>\n\t\t\t\t<\/div>\n\t\t\t\t<\/div>\n\t\t<div class=\"elementor-element elementor-element-1c98a91 e-con-full e-flex e-con e-parent\" data-id=\"1c98a91\" data-element_type=\"container\" data-e-type=\"container\" data-settings=\"{&quot;jet_parallax_layout_list&quot;:[]}\">\n\t\t<div class=\"elementor-element elementor-element-b6828ce e-con-full e-flex e-con e-child\" data-id=\"b6828ce\" data-element_type=\"container\" data-e-type=\"container\" data-settings=\"{&quot;background_background&quot;:&quot;classic&quot;,&quot;jet_parallax_layout_list&quot;:[]}\">\n\t\t\t\t<div class=\"elementor-element elementor-element-018e18a elementor-widget elementor-widget-image\" data-id=\"018e18a\" data-element_type=\"widget\" data-e-type=\"widget\" data-widget_type=\"image.default\">\n\t\t\t\t<div class=\"elementor-widget-container\">\n\t\t\t\t\t\t\t\t\t\t\t\t\t\t\t<img fetchpriority=\"high\" decoding=\"async\" width=\"800\" height=\"467\" src=\"https:\/\/acedasesores.com\/wp-content\/uploads\/2024\/07\/NOSOTROS1_Aced.jpg\" class=\"attachment-full size-full wp-image-681\" alt=\"\" srcset=\"https:\/\/acedasesores.com\/wp-content\/uploads\/2024\/07\/NOSOTROS1_Aced.jpg 800w, https:\/\/acedasesores.com\/wp-content\/uploads\/2024\/07\/NOSOTROS1_Aced-300x175.jpg 300w, https:\/\/acedasesores.com\/wp-content\/uploads\/2024\/07\/NOSOTROS1_Aced-768x448.jpg 768w\" sizes=\"(max-width: 800px) 100vw, 800px\" \/>\t\t\t\t\t\t\t\t\t\t\t\t\t\t\t<\/div>\n\t\t\t\t<\/div>\n\t\t\t\t<\/div>\n\t\t<div class=\"elementor-element elementor-element-10a6e37 e-con-full e-flex e-con e-child\" data-id=\"10a6e37\" data-element_type=\"container\" data-e-type=\"container\" data-settings=\"{&quot;jet_parallax_layout_list&quot;:[]}\">\n\t\t\t\t<div class=\"elementor-element elementor-element-357db88 elementor-widget elementor-widget-image\" data-id=\"357db88\" data-element_type=\"widget\" data-e-type=\"widget\" data-widget_type=\"image.default\">\n\t\t\t\t<div class=\"elementor-widget-container\">\n\t\t\t\t\t\t\t\t\t\t\t\t\t\t\t<img decoding=\"async\" width=\"800\" height=\"467\" src=\"https:\/\/acedasesores.com\/wp-content\/uploads\/2024\/07\/NOSOTROS2_Aced.jpg\" class=\"attachment-full size-full wp-image-682\" alt=\"\" srcset=\"https:\/\/acedasesores.com\/wp-content\/uploads\/2024\/07\/NOSOTROS2_Aced.jpg 800w, https:\/\/acedasesores.com\/wp-content\/uploads\/2024\/07\/NOSOTROS2_Aced-300x175.jpg 300w, https:\/\/acedasesores.com\/wp-content\/uploads\/2024\/07\/NOSOTROS2_Aced-768x448.jpg 768w\" sizes=\"(max-width: 800px) 100vw, 800px\" \/>\t\t\t\t\t\t\t\t\t\t\t\t\t\t\t<\/div>\n\t\t\t\t<\/div>\n\t\t\t\t<\/div>\n\t\t<div class=\"elementor-element elementor-element-4b63dfd e-con-full e-flex e-con e-child\" data-id=\"4b63dfd\" data-element_type=\"container\" data-e-type=\"container\" data-settings=\"{&quot;jet_parallax_layout_list&quot;:[]}\">\n\t\t\t\t<div class=\"elementor-element elementor-element-ce0470b elementor-widget elementor-widget-image\" data-id=\"ce0470b\" data-element_type=\"widget\" data-e-type=\"widget\" data-widget_type=\"image.default\">\n\t\t\t\t<div class=\"elementor-widget-container\">\n\t\t\t\t\t\t\t\t\t\t\t\t\t\t\t<img decoding=\"async\" width=\"800\" height=\"467\" src=\"https:\/\/acedasesores.com\/wp-content\/uploads\/2024\/07\/NOSOTROS3_Aced.jpg\" class=\"attachment-full size-full wp-image-683\" alt=\"\" srcset=\"https:\/\/acedasesores.com\/wp-content\/uploads\/2024\/07\/NOSOTROS3_Aced.jpg 800w, https:\/\/acedasesores.com\/wp-content\/uploads\/2024\/07\/NOSOTROS3_Aced-300x175.jpg 300w, https:\/\/acedasesores.com\/wp-content\/uploads\/2024\/07\/NOSOTROS3_Aced-768x448.jpg 768w\" sizes=\"(max-width: 800px) 100vw, 800px\" \/>\t\t\t\t\t\t\t\t\t\t\t\t\t\t\t<\/div>\n\t\t\t\t<\/div>\n\t\t\t\t<\/div>\n\t\t\t\t<\/div>\n\t\t<div class=\"elementor-element elementor-element-a5b27fd e-con-full e-flex e-con e-parent\" data-id=\"a5b27fd\" data-element_type=\"container\" data-e-type=\"container\" data-settings=\"{&quot;jet_parallax_layout_list&quot;:[]}\">\n\t\t\t\t<div class=\"elementor-element elementor-element-57fdba2 elementor-widget elementor-widget-text-editor\" data-id=\"57fdba2\" data-element_type=\"widget\" data-e-type=\"widget\" data-widget_type=\"text-editor.default\">\n\t\t\t\t<div class=\"elementor-widget-container\">\n\t\t\t\t\t\t\t\t\t<p><strong>Aced Asesores<\/strong>, S.L.P. \u00e9s una empresa amb origen a l&#8217;<strong>any 1989<\/strong>, quan Luis Aced Villacampa la va fundar i liderar, sent per aix\u00f2 una de les <strong>assessories empresarials amb major trajectoria<\/strong> i experi\u00e8ncia a Barcelona.<\/p>\n<p>Des d&#8217;aquesta data, Aced Assessors ha continuat creixent amb la incorporaci\u00f3 de nous socis i professionals, i integrant nous serveis dissenyats per a<strong> satisfer les necessitats dels nostres clients<\/strong>, constituint el que actualment \u00e9s Aced Asesores.<\/p>\n<p>Els nostres serveis abasten diverses \u00e0rees de negoci, des de l&#8217;assessorament en temes<strong> fiscals<\/strong>, <strong>comptables<\/strong>, <strong>mercantils<\/strong>, i <strong>laborals<\/strong>, planificaci\u00f3 fiscal i empresarial integrada, procediments i recursos, an\u00e0lisis de viabilitat empresarial.<\/p>\n\t\t\t\t\t\t\t\t<\/div>\n\t\t\t\t<\/div>\n\t\t\t\t<div class=\"elementor-element elementor-element-968285e elementor-widget elementor-widget-heading\" data-id=\"968285e\" data-element_type=\"widget\" data-e-type=\"widget\" data-widget_type=\"heading.default\">\n\t\t\t\t<div class=\"elementor-widget-container\">\n\t\t\t\t\t<h2 class=\"elementor-heading-title elementor-size-default\"> El client, el nostre objectiu<\/h2>\t\t\t\t<\/div>\n\t\t\t\t<\/div>\n\t\t\t\t<div class=\"elementor-element elementor-element-0fd1047 elementor-widget elementor-widget-text-editor\" data-id=\"0fd1047\" data-element_type=\"widget\" data-e-type=\"widget\" data-widget_type=\"text-editor.default\">\n\t\t\t\t<div class=\"elementor-widget-container\">\n\t\t\t\t\t\t\t\t\t<p>L&#8217;<strong>objectiu primordial <\/strong>de la nostra empresa \u00e9s aconseguir <strong>la plena satisfacci\u00f3 dels clientes<\/strong> a trav\u00e9s de l&#8217;oferta d&#8217;un servei integral on cadascun de vost\u00e8s sigui el principal protagonista, rebent un tracte totalment personalitzat i adaptat a les seves necessitats espec\u00edfiques.<\/p>\n<p>En Aced Asesores tractem dia a dia de generar un major <strong>valor afegit per als nostres clients<\/strong>, combinant experi\u00e8ncia amb <strong>innovaci\u00f3<\/strong>, <strong>professionalitat<\/strong> amb <strong>tracte hum\u00e0<\/strong>, flexibilitat amb <strong>rigor<\/strong>, i sempre amb una orientaci\u00f3 cap al que considerem el nostre principal actiu: els nostres Clients.<\/p>\n\t\t\t\t\t\t\t\t<\/div>\n\t\t\t\t<\/div>\n\t\t\t\t<div class=\"elementor-element elementor-element-e2d1386 elementor-widget elementor-widget-heading\" data-id=\"e2d1386\" data-element_type=\"widget\" data-e-type=\"widget\" data-widget_type=\"heading.default\">\n\t\t\t\t<div class=\"elementor-widget-container\">\n\t\t\t\t\t<h2 class=\"elementor-heading-title elementor-size-default\"> Confian\u00e7a i qualitat en el servei<\/h2>\t\t\t\t<\/div>\n\t\t\t\t<\/div>\n\t\t\t\t<div class=\"elementor-element elementor-element-1c8a860 elementor-widget elementor-widget-text-editor\" data-id=\"1c8a860\" data-element_type=\"widget\" data-e-type=\"widget\" data-widget_type=\"text-editor.default\">\n\t\t\t\t<div class=\"elementor-widget-container\">\n\t\t\t\t\t\t\t\t\t<p>Per tot aix\u00f2, i amb la satisfacci\u00f3 que produeix <strong>el treball ben realitzat<\/strong>, fem \u00fas de les noves tecnologies de comunicaci\u00f3 per a posar al seu abast informaci\u00f3 sobre nosaltres i els nostres serveis, amb la intenci\u00f3 que conegui m\u00e9s profundament a Aced Asesores, on continuem apostant fort pels nostres clients, sabent que la seva confian\u00e7a \u00e9s la nostra millor<strong> garantia de qualitat<\/strong> i servei.<\/p>\n<p>Si desitges informaci\u00f3 addicional, no dubtis a contactar amb nosaltres, estarem encantats d&#8217;atendre&#8217;t, accedeix des d&#8217;aqu\u00ed al formulari.<\/p>\n\t\t\t\t\t\t\t\t<\/div>\n\t\t\t\t<\/div>\n\t\t\t\t<div class=\"elementor-element elementor-element-cfb45bc elementor-align-left elementor-widget elementor-widget-button\" data-id=\"cfb45bc\" data-element_type=\"widget\" data-e-type=\"widget\" data-widget_type=\"button.default\">\n\t\t\t\t<div class=\"elementor-widget-container\">\n\t\t\t\t\t\t\t\t\t<div class=\"elementor-button-wrapper\">\n\t\t\t\t\t<a class=\"elementor-button elementor-button-link elementor-size-sm\" href=\"https:\/\/acedasesores.com\/ca\/contactar\/\">\n\t\t\t\t\t\t<span class=\"elementor-button-content-wrapper\">\n\t\t\t\t\t\t\t\t\t<span class=\"elementor-button-text\">CONSULTA'NS<\/span>\n\t\t\t\t\t<\/span>\n\t\t\t\t\t<\/a>\n\t\t\t\t<\/div>\n\t\t\t\t\t\t\t\t<\/div>\n\t\t\t\t<\/div>\n\t\t\t\t<\/div>\n\t\t\t\t<\/div>\n\t\t","protected":false},"excerpt":{"rendered":"<p>Aced Asesores, S.L.P. \u00e9s una empresa amb origen a l&#8217;any 1989, quan Luis Aced Villacampa la va fundar i liderar, sent per aix\u00f2 una de les assessories empresarials amb major trajectoria i experi\u00e8ncia a Barcelona. Des d&#8217;aquesta data, Aced Assessors ha continuat creixent amb la incorporaci\u00f3 de nous socis i professionals, i integrant nous serveis &#8230; <a title=\"Nosaltres\" class=\"read-more\" href=\"https:\/\/acedasesores.com\/ca\/nosaltres\/\" aria-label=\"M\u00e9s informaci\u00f3 sobre Nosaltres\">Llegiu m\u00e9s<\/a><\/p>\n","protected":false},"author":1,"featured_media":0,"parent":0,"menu_order":0,"comment_status":"closed","ping_status":"closed","template":"elementor_header_footer","meta":{"footnotes":""},"class_list":["post-921","page","type-page","status-publish"],"yoast_head":"<!-- This site is optimized with the Yoast SEO plugin v27.4 - https:\/\/yoast.com\/product\/yoast-seo-wordpress\/ -->\n<title>Assessoria empresarial amb gran experi\u00e8ncia | Aced Asesores<\/title>\n<meta name=\"description\" content=\"Aced Asesores, S.L.P. \u00e9s una empresa amb origen en l&#039;any 1989, quan Luis Aced Villacampa la va fundar i va liderar, sent per aix\u00f2 una de les assessories empresarials amb major traject\u00f2ria i experi\u00e8ncia a Barcelona\" \/>\n<meta name=\"robots\" content=\"index, follow, max-snippet:-1, max-image-preview:large, max-video-preview:-1\" \/>\n<link rel=\"canonical\" href=\"https:\/\/acedasesores.com\/ca\/nosaltres\/\" \/>\n<meta property=\"og:locale\" content=\"ca_ES\" \/>\n<meta property=\"og:type\" content=\"article\" \/>\n<meta property=\"og:title\" content=\"Assessoria empresarial amb gran experi\u00e8ncia | Aced Asesores\" \/>\n<meta property=\"og:description\" content=\"Aced Asesores, S.L.P. \u00e9s una empresa amb origen en l&#039;any 1989, quan Luis Aced Villacampa la va fundar i va liderar, sent per aix\u00f2 una de les assessories empresarials amb major traject\u00f2ria i experi\u00e8ncia a Barcelona\" \/>\n<meta property=\"og:url\" content=\"https:\/\/acedasesores.com\/ca\/nosaltres\/\" \/>\n<meta property=\"og:site_name\" content=\"Aced Asesores\" \/>\n<meta property=\"article:modified_time\" content=\"2024-10-11T17:27:22+00:00\" \/>\n<meta property=\"og:image\" content=\"https:\/\/acedasesores.com\/wp-content\/uploads\/2024\/07\/NOSOTROS1_Aced.jpg\" \/>\n\t<meta property=\"og:image:width\" content=\"800\" \/>\n\t<meta property=\"og:image:height\" content=\"467\" \/>\n\t<meta property=\"og:image:type\" content=\"image\/jpeg\" \/>\n<meta name=\"twitter:card\" content=\"summary_large_image\" \/>\n<meta name=\"twitter:label1\" content=\"Temps estimat de lectura\" \/>\n\t<meta name=\"twitter:data1\" content=\"1 minut\" \/>\n<script type=\"application\/ld+json\" class=\"yoast-schema-graph\">{\"@context\":\"https:\\\/\\\/schema.org\",\"@graph\":[{\"@type\":\"WebPage\",\"@id\":\"https:\\\/\\\/acedasesores.com\\\/ca\\\/nosaltres\\\/\",\"url\":\"https:\\\/\\\/acedasesores.com\\\/ca\\\/nosaltres\\\/\",\"name\":\"Assessoria empresarial amb gran experi\u00e8ncia | Aced Asesores\",\"isPartOf\":{\"@id\":\"https:\\\/\\\/acedasesores.com\\\/ca\\\/#website\"},\"primaryImageOfPage\":{\"@id\":\"https:\\\/\\\/acedasesores.com\\\/ca\\\/nosaltres\\\/#primaryimage\"},\"image\":{\"@id\":\"https:\\\/\\\/acedasesores.com\\\/ca\\\/nosaltres\\\/#primaryimage\"},\"thumbnailUrl\":\"https:\\\/\\\/acedasesores.com\\\/wp-content\\\/uploads\\\/2024\\\/07\\\/NOSOTROS1_Aced.jpg\",\"datePublished\":\"2024-07-08T19:34:58+00:00\",\"dateModified\":\"2024-10-11T17:27:22+00:00\",\"description\":\"Aced Asesores, S.L.P. \u00e9s una empresa amb origen en l'any 1989, quan Luis Aced Villacampa la va fundar i va liderar, sent per aix\u00f2 una de les assessories empresarials amb major traject\u00f2ria i experi\u00e8ncia a Barcelona\",\"breadcrumb\":{\"@id\":\"https:\\\/\\\/acedasesores.com\\\/ca\\\/nosaltres\\\/#breadcrumb\"},\"inLanguage\":\"ca\",\"potentialAction\":[{\"@type\":\"ReadAction\",\"target\":[\"https:\\\/\\\/acedasesores.com\\\/ca\\\/nosaltres\\\/\"]}]},{\"@type\":\"ImageObject\",\"inLanguage\":\"ca\",\"@id\":\"https:\\\/\\\/acedasesores.com\\\/ca\\\/nosaltres\\\/#primaryimage\",\"url\":\"https:\\\/\\\/acedasesores.com\\\/wp-content\\\/uploads\\\/2024\\\/07\\\/NOSOTROS1_Aced.jpg\",\"contentUrl\":\"https:\\\/\\\/acedasesores.com\\\/wp-content\\\/uploads\\\/2024\\\/07\\\/NOSOTROS1_Aced.jpg\"},{\"@type\":\"BreadcrumbList\",\"@id\":\"https:\\\/\\\/acedasesores.com\\\/ca\\\/nosaltres\\\/#breadcrumb\",\"itemListElement\":[{\"@type\":\"ListItem\",\"position\":1,\"name\":\"Inicio\",\"item\":\"https:\\\/\\\/acedasesores.com\\\/ca\\\/inici\\\/\"},{\"@type\":\"ListItem\",\"position\":2,\"name\":\"Nosaltres\"}]},{\"@type\":\"WebSite\",\"@id\":\"https:\\\/\\\/acedasesores.com\\\/ca\\\/#website\",\"url\":\"https:\\\/\\\/acedasesores.com\\\/ca\\\/\",\"name\":\"Aced Asesores\",\"description\":\"\",\"potentialAction\":[{\"@type\":\"SearchAction\",\"target\":{\"@type\":\"EntryPoint\",\"urlTemplate\":\"https:\\\/\\\/acedasesores.com\\\/ca\\\/?s={search_term_string}\"},\"query-input\":{\"@type\":\"PropertyValueSpecification\",\"valueRequired\":true,\"valueName\":\"search_term_string\"}}],\"inLanguage\":\"ca\"}]}<\/script>\n<!-- \/ Yoast SEO plugin. -->","yoast_head_json":{"title":"Assessoria empresarial amb gran experi\u00e8ncia | Aced Asesores","description":"Aced Asesores, S.L.P. \u00e9s una empresa amb origen en l'any 1989, quan Luis Aced Villacampa la va fundar i va liderar, sent per aix\u00f2 una de les assessories empresarials amb major traject\u00f2ria i experi\u00e8ncia a Barcelona","robots":{"index":"index","follow":"follow","max-snippet":"max-snippet:-1","max-image-preview":"max-image-preview:large","max-video-preview":"max-video-preview:-1"},"canonical":"https:\/\/acedasesores.com\/ca\/nosaltres\/","og_locale":"ca_ES","og_type":"article","og_title":"Assessoria empresarial amb gran experi\u00e8ncia | Aced Asesores","og_description":"Aced Asesores, S.L.P. \u00e9s una empresa amb origen en l'any 1989, quan Luis Aced Villacampa la va fundar i va liderar, sent per aix\u00f2 una de les assessories empresarials amb major traject\u00f2ria i experi\u00e8ncia a Barcelona","og_url":"https:\/\/acedasesores.com\/ca\/nosaltres\/","og_site_name":"Aced Asesores","article_modified_time":"2024-10-11T17:27:22+00:00","og_image":[{"width":800,"height":467,"url":"https:\/\/acedasesores.com\/wp-content\/uploads\/2024\/07\/NOSOTROS1_Aced.jpg","type":"image\/jpeg"}],"twitter_card":"summary_large_image","twitter_misc":{"Temps estimat de lectura":"1 minut"},"schema":{"@context":"https:\/\/schema.org","@graph":[{"@type":"WebPage","@id":"https:\/\/acedasesores.com\/ca\/nosaltres\/","url":"https:\/\/acedasesores.com\/ca\/nosaltres\/","name":"Assessoria empresarial amb gran experi\u00e8ncia | Aced Asesores","isPartOf":{"@id":"https:\/\/acedasesores.com\/ca\/#website"},"primaryImageOfPage":{"@id":"https:\/\/acedasesores.com\/ca\/nosaltres\/#primaryimage"},"image":{"@id":"https:\/\/acedasesores.com\/ca\/nosaltres\/#primaryimage"},"thumbnailUrl":"https:\/\/acedasesores.com\/wp-content\/uploads\/2024\/07\/NOSOTROS1_Aced.jpg","datePublished":"2024-07-08T19:34:58+00:00","dateModified":"2024-10-11T17:27:22+00:00","description":"Aced Asesores, S.L.P. \u00e9s una empresa amb origen en l'any 1989, quan Luis Aced Villacampa la va fundar i va liderar, sent per aix\u00f2 una de les assessories empresarials amb major traject\u00f2ria i experi\u00e8ncia a Barcelona","breadcrumb":{"@id":"https:\/\/acedasesores.com\/ca\/nosaltres\/#breadcrumb"},"inLanguage":"ca","potentialAction":[{"@type":"ReadAction","target":["https:\/\/acedasesores.com\/ca\/nosaltres\/"]}]},{"@type":"ImageObject","inLanguage":"ca","@id":"https:\/\/acedasesores.com\/ca\/nosaltres\/#primaryimage","url":"https:\/\/acedasesores.com\/wp-content\/uploads\/2024\/07\/NOSOTROS1_Aced.jpg","contentUrl":"https:\/\/acedasesores.com\/wp-content\/uploads\/2024\/07\/NOSOTROS1_Aced.jpg"},{"@type":"BreadcrumbList","@id":"https:\/\/acedasesores.com\/ca\/nosaltres\/#breadcrumb","itemListElement":[{"@type":"ListItem","position":1,"name":"Inicio","item":"https:\/\/acedasesores.com\/ca\/inici\/"},{"@type":"ListItem","position":2,"name":"Nosaltres"}]},{"@type":"WebSite","@id":"https:\/\/acedasesores.com\/ca\/#website","url":"https:\/\/acedasesores.com\/ca\/","name":"Aced Asesores","description":"","potentialAction":[{"@type":"SearchAction","target":{"@type":"EntryPoint","urlTemplate":"https:\/\/acedasesores.com\/ca\/?s={search_term_string}"},"query-input":{"@type":"PropertyValueSpecification","valueRequired":true,"valueName":"search_term_string"}}],"inLanguage":"ca"}]}},"_links":{"self":[{"href":"https:\/\/acedasesores.com\/ca\/wp-json\/wp\/v2\/pages\/921","targetHints":{"allow":["GET"]}}],"collection":[{"href":"https:\/\/acedasesores.com\/ca\/wp-json\/wp\/v2\/pages"}],"about":[{"href":"https:\/\/acedasesores.com\/ca\/wp-json\/wp\/v2\/types\/page"}],"author":[{"embeddable":true,"href":"https:\/\/acedasesores.com\/ca\/wp-json\/wp\/v2\/users\/1"}],"replies":[{"embeddable":true,"href":"https:\/\/acedasesores.com\/ca\/wp-json\/wp\/v2\/comments?post=921"}],"version-history":[{"count":10,"href":"https:\/\/acedasesores.com\/ca\/wp-json\/wp\/v2\/pages\/921\/revisions"}],"predecessor-version":[{"id":1081,"href":"https:\/\/acedasesores.com\/ca\/wp-json\/wp\/v2\/pages\/921\/revisions\/1081"}],"wp:attachment":[{"href":"https:\/\/acedasesores.com\/ca\/wp-json\/wp\/v2\/media?parent=921"}],"curies":[{"name":"wp","href":"https:\/\/api.w.org\/{rel}","templated":true}]}}