{"id":907,"date":"2024-07-10T18:51:05","date_gmt":"2024-07-10T16:51:05","guid":{"rendered":"https:\/\/acedasesores.com\/bloc\/"},"modified":"2024-10-11T19:01:27","modified_gmt":"2024-10-11T17:01:27","slug":"bloc","status":"publish","type":"page","link":"https:\/\/acedasesores.com\/ca\/bloc\/","title":{"rendered":"Bloc"},"content":{"rendered":"\t\t<div data-elementor-type=\"wp-page\" data-elementor-id=\"907\" class=\"elementor elementor-907 elementor-493\" data-elementor-post-type=\"page\">\n\t\t\t\t<div class=\"elementor-element elementor-element-20fd0e5 e-con-full e-flex e-con e-parent\" data-id=\"20fd0e5\" data-element_type=\"container\" data-e-type=\"container\" data-settings=\"{&quot;jet_parallax_layout_list&quot;:[]}\">\n\t\t\t\t<div class=\"elementor-element elementor-element-9a60659 elementor-align-left elementor-hidden-mobile elementor-widget elementor-widget-breadcrumbs\" data-id=\"9a60659\" data-element_type=\"widget\" data-e-type=\"widget\" data-widget_type=\"breadcrumbs.default\">\n\t\t\t\t<div class=\"elementor-widget-container\">\n\t\t\t\t\t<p id=\"breadcrumbs\">\tEst\u00e1s aqu\u00ed:\n<span><span><a href=\"https:\/\/acedasesores.com\/ca\/inici\/\">Inicio<\/a><\/span><\/span><\/p>\t\t\t\t<\/div>\n\t\t\t\t<\/div>\n\t\t\t\t<\/div>\n\t\t<div class=\"elementor-element elementor-element-5bcdbfa e-con-full e-flex e-con e-parent\" data-id=\"5bcdbfa\" data-element_type=\"container\" data-e-type=\"container\" data-settings=\"{&quot;jet_parallax_layout_list&quot;:[]}\">\n\t\t\t\t<div class=\"elementor-element elementor-element-81d88ed elementor-widget elementor-widget-jet-posts\" data-id=\"81d88ed\" data-element_type=\"widget\" data-e-type=\"widget\" data-settings=\"{&quot;columns_tablet&quot;:&quot;2&quot;,&quot;columns_mobile&quot;:&quot;1&quot;,&quot;columns&quot;:3,&quot;slides_to_scroll&quot;:&quot;1&quot;}\" data-widget_type=\"jet-posts.default\">\n\t\t\t\t<div class=\"elementor-widget-container\">\n\t\t\t\t\t<div class=\"elementor-jet-posts jet-elements\"><div class=\"jet-posts col-row \"><div class=\"jet-posts__item\">\n\t<div class=\"jet-posts__inner-box\"><div class=\"post-thumbnail\"><a href=\"https:\/\/acedasesores.com\/ca\/nova-web-aced-asesores\/\" class=\"post-thumbnail__link\"><img loading=\"lazy\" decoding=\"async\" class=\"post-thumbnail__img wp-post-image\" src=\"https:\/\/acedasesores.com\/wp-content\/uploads\/2024\/07\/PostWEB_Aced.jpg\" alt=\"Nova web Aced Asesores\" loading=\"lazy\" width=\"1280\" height=\"640\"><\/a><\/div><div class=\"jet-posts__inner-content\"><h4 class=\"entry-title\"><a href=\"https:\/\/acedasesores.com\/ca\/nova-web-aced-asesores\/\" target=\"\">Nova web Aced Asesores<\/a><\/h4><div class=\"entry-excerpt\">Estrenem nova web posant-t'ho m\u00e9s f\u00e0cil per a contactar amb nosaltres o saber m\u00e9s sobre la nostra marca, esperem que&hellip;<\/div><div class=\"jet-more-wrap\"><a href=\"https:\/\/acedasesores.com\/ca\/nova-web-aced-asesores\/\" class=\"btn btn-primary elementor-button elementor-size-md jet-more\" target=\"\"><span class=\"btn__text\">+INFO<\/span><\/a><\/div><\/div><\/div>\n<\/div>\n<div class=\"jet-posts__item\">\n\t<div class=\"jet-posts__inner-box\"><div class=\"post-thumbnail\"><a href=\"https:\/\/acedasesores.com\/ca\/autoliquidacions-rectificatives\/\" class=\"post-thumbnail__link\"><img loading=\"lazy\" decoding=\"async\" class=\"post-thumbnail__img wp-post-image\" src=\"https:\/\/acedasesores.com\/wp-content\/uploads\/2024\/07\/rectificativas.jpg\" alt=\"Autoliquidacions rectificatives\" loading=\"lazy\" width=\"1080\" height=\"1080\"><\/a><\/div><div class=\"jet-posts__inner-content\"><h4 class=\"entry-title\"><a href=\"https:\/\/acedasesores.com\/ca\/autoliquidacions-rectificatives\/\" target=\"\">Autoliquidacions rectificatives<\/a><\/h4><div class=\"entry-excerpt\">Tot el que necessites saber sobre les autoliquidacions rectificatives...<\/div><div class=\"jet-more-wrap\"><a href=\"https:\/\/acedasesores.com\/ca\/autoliquidacions-rectificatives\/\" class=\"btn btn-primary elementor-button elementor-size-md jet-more\" target=\"\"><span class=\"btn__text\">+INFO<\/span><\/a><\/div><\/div><\/div>\n<\/div>\n<div class=\"jet-posts__item\">\n\t<div class=\"jet-posts__inner-box\"><div class=\"post-thumbnail\"><a href=\"https:\/\/acedasesores.com\/ca\/rendes-derivades-dun-immoble-heretat\/\" class=\"post-thumbnail__link\"><img loading=\"lazy\" decoding=\"async\" class=\"post-thumbnail__img wp-post-image\" src=\"https:\/\/acedasesores.com\/wp-content\/uploads\/2024\/07\/vendercada.png\" alt=\"Rendes derivades d&#039;un immoble heretat\" loading=\"lazy\" width=\"1080\" height=\"1080\"><\/a><\/div><div class=\"jet-posts__inner-content\"><h4 class=\"entry-title\"><a href=\"https:\/\/acedasesores.com\/ca\/rendes-derivades-dun-immoble-heretat\/\" target=\"\">Rendes derivades d'un immoble heretat<\/a><\/h4><div class=\"entry-excerpt\">Qu\u00e8 succeeix si dos dels hereus prefereixen llogar-ho per temporades i el tercer mantenir-ho a la seva disposici\u00f3?<\/div><div class=\"jet-more-wrap\"><a href=\"https:\/\/acedasesores.com\/ca\/rendes-derivades-dun-immoble-heretat\/\" class=\"btn btn-primary elementor-button elementor-size-md jet-more\" target=\"\"><span class=\"btn__text\">+INFO<\/span><\/a><\/div><\/div><\/div>\n<\/div>\n<div class=\"jet-posts__item\">\n\t<div class=\"jet-posts__inner-box\"><div class=\"post-thumbnail\"><a href=\"https:\/\/acedasesores.com\/ca\/concepte-de-gran-tenidor\/\" class=\"post-thumbnail__link\"><img loading=\"lazy\" decoding=\"async\" class=\"post-thumbnail__img wp-post-image\" src=\"https:\/\/acedasesores.com\/wp-content\/uploads\/2024\/07\/GranTenedor_CED.jpg\" alt=\"Concepte de Gran tenidor\" loading=\"lazy\" width=\"1280\" height=\"640\"><\/a><\/div><div class=\"jet-posts__inner-content\"><h4 class=\"entry-title\"><a href=\"https:\/\/acedasesores.com\/ca\/concepte-de-gran-tenidor\/\" target=\"\">Concepte de Gran tenidor<\/a><\/h4><div class=\"entry-excerpt\">Des de l'entrada en vigor de Llei 12\/2023, de 24 de maig, pel dret a l'habitatge, els mitjans han dif\u00f3s&hellip;<\/div><div class=\"jet-more-wrap\"><a href=\"https:\/\/acedasesores.com\/ca\/concepte-de-gran-tenidor\/\" class=\"btn btn-primary elementor-button elementor-size-md jet-more\" target=\"\"><span class=\"btn__text\">+INFO<\/span><\/a><\/div><\/div><\/div>\n<\/div>\n<div class=\"jet-posts__item\">\n\t<div class=\"jet-posts__inner-box\"><div class=\"post-thumbnail\"><a href=\"https:\/\/acedasesores.com\/ca\/novetats-renda-2023\/\" class=\"post-thumbnail__link\"><img loading=\"lazy\" decoding=\"async\" class=\"post-thumbnail__img wp-post-image\" src=\"https:\/\/acedasesores.com\/wp-content\/uploads\/2024\/07\/Foto_NOSOTROS4C.jpg\" alt=\"NOVETATS RENDA 2023\" loading=\"lazy\" width=\"800\" height=\"608\"><\/a><\/div><div class=\"jet-posts__inner-content\"><h4 class=\"entry-title\"><a href=\"https:\/\/acedasesores.com\/ca\/novetats-renda-2023\/\" target=\"\">NOVETATS RENDA 2023<\/a><\/h4><div class=\"entry-excerpt\">Benvolgut client, un any m\u00e9s ens dirigim a vost\u00e8 en iniciar-se de nou la Campanya de Renda. Se'ns acosta l'hora&hellip;<\/div><div class=\"jet-more-wrap\"><a href=\"https:\/\/acedasesores.com\/ca\/novetats-renda-2023\/\" class=\"btn btn-primary elementor-button elementor-size-md jet-more\" target=\"\"><span class=\"btn__text\">+INFO<\/span><\/a><\/div><\/div><\/div>\n<\/div>\n<\/div>\n<\/div>\t\t\t\t<\/div>\n\t\t\t\t<\/div>\n\t\t\t\t<\/div>\n\t\t\t\t<\/div>\n\t\t","protected":false},"excerpt":{"rendered":"<p>Nueva web Aced Asesores Estrenamos nueva web poni\u00e9ndotelo m\u00e1s f\u00e1cil para contactar con nosotros o saber m\u00e1s sobre nuestra marca, esperamos sea de tu&hellip;+INFO Autoliquidaciones rectificativas Todo lo que necesitas saber sobre las autoliquidaciones rectificativas&#8230;+INFO Rentas derivadas de un inmueble heredado \u00bfQu\u00e9 sucede si dos de los herederos prefieren alquilarlo por temporadas y el tercero &#8230; <a title=\"Bloc\" class=\"read-more\" href=\"https:\/\/acedasesores.com\/ca\/bloc\/\" aria-label=\"M\u00e9s informaci\u00f3 sobre Bloc\">Llegiu m\u00e9s<\/a><\/p>\n","protected":false},"author":1,"featured_media":0,"parent":0,"menu_order":0,"comment_status":"closed","ping_status":"closed","template":"elementor_header_footer","meta":{"footnotes":""},"class_list":["post-907","page","type-page","status-publish"],"yoast_head":"<!-- This site is optimized with the Yoast SEO plugin v27.4 - https:\/\/yoast.com\/product\/yoast-seo-wordpress\/ -->\n<title>Bloc d&#039;articles d&#039;inter\u00e8s i not\u00edcies | Aced Asesores<\/title>\n<meta name=\"description\" content=\"Bloc d&#039;articles d&#039;inter\u00e8s i not\u00edcies d&#039;Aced Asesores\" \/>\n<meta name=\"robots\" content=\"index, follow, max-snippet:-1, max-image-preview:large, max-video-preview:-1\" \/>\n<link rel=\"canonical\" href=\"https:\/\/acedasesores.com\/ca\/bloc\/\" \/>\n<meta property=\"og:locale\" content=\"ca_ES\" \/>\n<meta property=\"og:type\" content=\"article\" \/>\n<meta property=\"og:title\" content=\"Bloc d&#039;articles d&#039;inter\u00e8s i not\u00edcies | Aced Asesores\" \/>\n<meta property=\"og:description\" content=\"Bloc d&#039;articles d&#039;inter\u00e8s i not\u00edcies d&#039;Aced Asesores\" \/>\n<meta property=\"og:url\" content=\"https:\/\/acedasesores.com\/ca\/bloc\/\" \/>\n<meta property=\"og:site_name\" content=\"Aced Asesores\" \/>\n<meta property=\"article:modified_time\" content=\"2024-10-11T17:01:27+00:00\" \/>\n<meta property=\"og:image\" content=\"https:\/\/acedasesores.com\/wp-content\/uploads\/2024\/07\/PostWEB_Aced.jpg\" \/>\n<meta name=\"twitter:card\" content=\"summary_large_image\" \/>\n<meta name=\"twitter:label1\" content=\"Temps estimat de lectura\" \/>\n\t<meta name=\"twitter:data1\" content=\"1 minut\" \/>\n<script type=\"application\/ld+json\" class=\"yoast-schema-graph\">{\"@context\":\"https:\\\/\\\/schema.org\",\"@graph\":[{\"@type\":\"WebPage\",\"@id\":\"https:\\\/\\\/acedasesores.com\\\/ca\\\/bloc\\\/\",\"url\":\"https:\\\/\\\/acedasesores.com\\\/ca\\\/bloc\\\/\",\"name\":\"Bloc d'articles d'inter\u00e8s i not\u00edcies | Aced Asesores\",\"isPartOf\":{\"@id\":\"https:\\\/\\\/acedasesores.com\\\/ca\\\/#website\"},\"primaryImageOfPage\":{\"@id\":\"https:\\\/\\\/acedasesores.com\\\/ca\\\/bloc\\\/#primaryimage\"},\"image\":{\"@id\":\"https:\\\/\\\/acedasesores.com\\\/ca\\\/bloc\\\/#primaryimage\"},\"thumbnailUrl\":\"https:\\\/\\\/acedasesores.com\\\/wp-content\\\/uploads\\\/2024\\\/07\\\/PostWEB_Aced.jpg\",\"datePublished\":\"2024-07-10T16:51:05+00:00\",\"dateModified\":\"2024-10-11T17:01:27+00:00\",\"description\":\"Bloc d'articles d'inter\u00e8s i not\u00edcies d'Aced Asesores\",\"breadcrumb\":{\"@id\":\"https:\\\/\\\/acedasesores.com\\\/ca\\\/bloc\\\/#breadcrumb\"},\"inLanguage\":\"ca\",\"potentialAction\":[{\"@type\":\"ReadAction\",\"target\":[\"https:\\\/\\\/acedasesores.com\\\/ca\\\/bloc\\\/\"]}]},{\"@type\":\"ImageObject\",\"inLanguage\":\"ca\",\"@id\":\"https:\\\/\\\/acedasesores.com\\\/ca\\\/bloc\\\/#primaryimage\",\"url\":\"https:\\\/\\\/acedasesores.com\\\/wp-content\\\/uploads\\\/2024\\\/07\\\/PostWEB_Aced.jpg\",\"contentUrl\":\"https:\\\/\\\/acedasesores.com\\\/wp-content\\\/uploads\\\/2024\\\/07\\\/PostWEB_Aced.jpg\"},{\"@type\":\"BreadcrumbList\",\"@id\":\"https:\\\/\\\/acedasesores.com\\\/ca\\\/bloc\\\/#breadcrumb\",\"itemListElement\":[{\"@type\":\"ListItem\",\"position\":1,\"name\":\"Inicio\",\"item\":\"https:\\\/\\\/acedasesores.com\\\/ca\\\/inici\\\/\"},{\"@type\":\"ListItem\",\"position\":2,\"name\":\"Bloc\"}]},{\"@type\":\"WebSite\",\"@id\":\"https:\\\/\\\/acedasesores.com\\\/ca\\\/#website\",\"url\":\"https:\\\/\\\/acedasesores.com\\\/ca\\\/\",\"name\":\"Aced Asesores\",\"description\":\"\",\"potentialAction\":[{\"@type\":\"SearchAction\",\"target\":{\"@type\":\"EntryPoint\",\"urlTemplate\":\"https:\\\/\\\/acedasesores.com\\\/ca\\\/?s={search_term_string}\"},\"query-input\":{\"@type\":\"PropertyValueSpecification\",\"valueRequired\":true,\"valueName\":\"search_term_string\"}}],\"inLanguage\":\"ca\"}]}<\/script>\n<!-- \/ Yoast SEO plugin. -->","yoast_head_json":{"title":"Bloc d'articles d'inter\u00e8s i not\u00edcies | Aced Asesores","description":"Bloc d'articles d'inter\u00e8s i not\u00edcies d'Aced Asesores","robots":{"index":"index","follow":"follow","max-snippet":"max-snippet:-1","max-image-preview":"max-image-preview:large","max-video-preview":"max-video-preview:-1"},"canonical":"https:\/\/acedasesores.com\/ca\/bloc\/","og_locale":"ca_ES","og_type":"article","og_title":"Bloc d'articles d'inter\u00e8s i not\u00edcies | Aced Asesores","og_description":"Bloc d'articles d'inter\u00e8s i not\u00edcies d'Aced Asesores","og_url":"https:\/\/acedasesores.com\/ca\/bloc\/","og_site_name":"Aced Asesores","article_modified_time":"2024-10-11T17:01:27+00:00","og_image":[{"url":"https:\/\/acedasesores.com\/wp-content\/uploads\/2024\/07\/PostWEB_Aced.jpg","type":"","width":"","height":""}],"twitter_card":"summary_large_image","twitter_misc":{"Temps estimat de lectura":"1 minut"},"schema":{"@context":"https:\/\/schema.org","@graph":[{"@type":"WebPage","@id":"https:\/\/acedasesores.com\/ca\/bloc\/","url":"https:\/\/acedasesores.com\/ca\/bloc\/","name":"Bloc d'articles d'inter\u00e8s i not\u00edcies | Aced Asesores","isPartOf":{"@id":"https:\/\/acedasesores.com\/ca\/#website"},"primaryImageOfPage":{"@id":"https:\/\/acedasesores.com\/ca\/bloc\/#primaryimage"},"image":{"@id":"https:\/\/acedasesores.com\/ca\/bloc\/#primaryimage"},"thumbnailUrl":"https:\/\/acedasesores.com\/wp-content\/uploads\/2024\/07\/PostWEB_Aced.jpg","datePublished":"2024-07-10T16:51:05+00:00","dateModified":"2024-10-11T17:01:27+00:00","description":"Bloc d'articles d'inter\u00e8s i not\u00edcies d'Aced Asesores","breadcrumb":{"@id":"https:\/\/acedasesores.com\/ca\/bloc\/#breadcrumb"},"inLanguage":"ca","potentialAction":[{"@type":"ReadAction","target":["https:\/\/acedasesores.com\/ca\/bloc\/"]}]},{"@type":"ImageObject","inLanguage":"ca","@id":"https:\/\/acedasesores.com\/ca\/bloc\/#primaryimage","url":"https:\/\/acedasesores.com\/wp-content\/uploads\/2024\/07\/PostWEB_Aced.jpg","contentUrl":"https:\/\/acedasesores.com\/wp-content\/uploads\/2024\/07\/PostWEB_Aced.jpg"},{"@type":"BreadcrumbList","@id":"https:\/\/acedasesores.com\/ca\/bloc\/#breadcrumb","itemListElement":[{"@type":"ListItem","position":1,"name":"Inicio","item":"https:\/\/acedasesores.com\/ca\/inici\/"},{"@type":"ListItem","position":2,"name":"Bloc"}]},{"@type":"WebSite","@id":"https:\/\/acedasesores.com\/ca\/#website","url":"https:\/\/acedasesores.com\/ca\/","name":"Aced Asesores","description":"","potentialAction":[{"@type":"SearchAction","target":{"@type":"EntryPoint","urlTemplate":"https:\/\/acedasesores.com\/ca\/?s={search_term_string}"},"query-input":{"@type":"PropertyValueSpecification","valueRequired":true,"valueName":"search_term_string"}}],"inLanguage":"ca"}]}},"_links":{"self":[{"href":"https:\/\/acedasesores.com\/ca\/wp-json\/wp\/v2\/pages\/907","targetHints":{"allow":["GET"]}}],"collection":[{"href":"https:\/\/acedasesores.com\/ca\/wp-json\/wp\/v2\/pages"}],"about":[{"href":"https:\/\/acedasesores.com\/ca\/wp-json\/wp\/v2\/types\/page"}],"author":[{"embeddable":true,"href":"https:\/\/acedasesores.com\/ca\/wp-json\/wp\/v2\/users\/1"}],"replies":[{"embeddable":true,"href":"https:\/\/acedasesores.com\/ca\/wp-json\/wp\/v2\/comments?post=907"}],"version-history":[{"count":2,"href":"https:\/\/acedasesores.com\/ca\/wp-json\/wp\/v2\/pages\/907\/revisions"}],"predecessor-version":[{"id":971,"href":"https:\/\/acedasesores.com\/ca\/wp-json\/wp\/v2\/pages\/907\/revisions\/971"}],"wp:attachment":[{"href":"https:\/\/acedasesores.com\/ca\/wp-json\/wp\/v2\/media?parent=907"}],"curies":[{"name":"wp","href":"https:\/\/api.w.org\/{rel}","templated":true}]}}